{"id":56,"date":"2009-09-07T12:47:10","date_gmt":"2009-09-07T10:47:10","guid":{"rendered":"http:\/\/192.168.131.65\/wordpress\/?page_id=56"},"modified":"2025-10-07T09:13:25","modified_gmt":"2025-10-07T07:13:25","slug":"impressum","status":"publish","type":"page","link":"https:\/\/hier-luebeck.de\/index.php\/impressum\/","title":{"rendered":"Impressum"},"content":{"rendered":"<p><a href=\"https:\/\/hier-luebeck.de\/wp-content\/uploads\/2024\/03\/reines-Logo-hier-luebeck.de-ohne-Kreuz-blauer-Punkte1.png\"><img loading=\"lazy\" decoding=\"async\" class=\"wp-image-434107 alignleft\" src=\"https:\/\/hier-luebeck.de\/wp-content\/uploads\/2024\/03\/reines-Logo-hier-luebeck.de-ohne-Kreuz-blauer-Punkte1.png\" alt=\"\" width=\"258\" height=\"235\" srcset=\"https:\/\/hier-luebeck.de\/wp-content\/uploads\/2024\/03\/reines-Logo-hier-luebeck.de-ohne-Kreuz-blauer-Punkte1.png 854w, https:\/\/hier-luebeck.de\/wp-content\/uploads\/2024\/03\/reines-Logo-hier-luebeck.de-ohne-Kreuz-blauer-Punkte1-320x291.png 320w, https:\/\/hier-luebeck.de\/wp-content\/uploads\/2024\/03\/reines-Logo-hier-luebeck.de-ohne-Kreuz-blauer-Punkte1-550x500.png 550w, https:\/\/hier-luebeck.de\/wp-content\/uploads\/2024\/03\/reines-Logo-hier-luebeck.de-ohne-Kreuz-blauer-Punkte1-768x699.png 768w\" sizes=\"auto, (max-width: 258px) 100vw, 258px\" \/><\/a><a href=\"http:\/\/www.hier-luebeck.de\">www.hier-luebeck.de<\/a> wurde als <a href=\"http:\/\/www.luebeck2000.de\">www.luebeck2000.de<\/a> (C) 1999 gegr\u00fcndet und sp\u00e4ter in www.hier-luebeck.de umfirmiert und weitergef\u00fchrt. wir sind ein interaktives Online-Magazin f\u00fcr L\u00fcbeck und Umland.<\/p>\n<p>Wolfgang Freywald(TBF Presseagentur), ist Betreiber des Internet-Portals <a href=\"http:\/\/www.hier-luebeck.de\" target=\"_blank\" rel=\"noopener noreferrer\">www.hier-luebeck.de<\/a>. Er \u00fcbernimmt f\u00fcr mittelbare und unmittelbare Weiterleitungen \u00fcber Hyperlinks und die dadurch erreichbaren Webinhalte keine Verantwortung, au\u00dferdem gilt dies auch f\u00fcr den Inhalt der Autoren und macht sich diese auch nicht zu eigen.<\/p>\n<p><strong>Inhaltlich Verantwortlicher gem\u00e4\u00df \u00a7 10 Absatz 3 MDStV<em> [v.i.S.d.P.]<\/em><\/strong><br \/>\nHerausgeber + Chefredakteur:<\/p>\n<p>Wolfgang Freywald \u00b7 TBF Presseagentur<br \/>\n<em>Hauptstr. 53 \u00b7 23858 Wesenberg<br \/>\n<\/em>Tel.:\u00a0\u00a0\u00a0\u00a0\u00a0\u00a0\u00a0\u00a0\u00a0\u00a0 04533\/7972050<br \/>\nFax.:\u00a0\u00a0\u00a0\u00a0\u00a0\u00a0\u00a0\u00a0\u00a0 04533\/7972052<br \/>\n<em>E-Mail: tbf.presseagentur(<\/em><em>@<\/em><em>Zeichen)hier-luebeck.de<br \/>\nInternet: <a href=\"http:\/\/www.hier-luebeck.de\">www.hier-luebeck.de<\/a><br \/>\n<\/em>Steuernummer: 30 049 02256 Finanzamt Bad Oldesloe<!--more--><strong>Copyright-Vermerk:<\/strong> \u201eAlle auf dieser Internetpr\u00e4senz verwendeten Texte, Fotos und grafischen Gestaltungen sind urheberrechtlich gesch\u00fctzt. Sollten Sie Teile hiervon verwenden wollen, wenden Sie sich bitte an den Seitenbetreiber. Er wird dann gegebenenfalls den Kontakt zum Urheber oder Nutzungsberechtigten herstellen.\u201c Der Verbreitung der einzelnen Artikel unter Angabe von www.hier-luebeck.de steht nichts im Wege, wenn das Copyright von Texten und Fotos beachtet wird.<br \/>\nWenn wir selbst einmal ein Text bzw. ein Foto auf der Seite stehen haben, der urheberechtlich gesch\u00fctzt ist, bitten wir um kurzfristige Mitteilung, dann wird der Artikel selbstverst\u00e4ndlich kurzfristig gel\u00f6scht.<\/p>\n<p><em><strong>Anmerkung der Redaktion:<\/strong> Die Nachrichten von (ots) sind Teil eines automatisierten Angebots, das auf unserer Webseite eingespielt wird. Weder der Inhalt noch die Rechtschreibung usw. wurden durch die hier-luebeck.de-Redaktion gepr\u00fcft. Sollten Sie Fehler entdecken, freuen wir uns \u00fcber eine <a href=\"mailto: info@hier-luebeck.de\">R\u00fcckmeldung<\/a>.<br \/>\n<\/em><br \/>\n<strong>Redaktionleitung:<\/strong><br \/>\nWolfgang Freywald (Chefredakteur)<br \/>\nRezensionen, Sonderthemen, Aktuelles, Wirtschaft, Politik, Gesundheit, Fitness, Wellness<\/p>\n<p><strong>Freie, Mitarbeiter\/Redakteure:<\/strong><br \/>\nWolf Kamlott (Foto-, TV + Video)<br \/>\nHarald Rothe (Fotojournalist), Holger Kr\u00f6ger (Foto), O. Camel (Foto, Text)<\/p>\n<p>Sicherheitshinweis: Alle Grafiken, Texte, Beschreibungen ohne Gew\u00e4hr. Lieferung, Irrt\u00fcmer und Druckfehler vorbehalten.<\/p>\n<p><strong>Haftungshinweis:<\/strong><br \/>\nhier-luebeck.de \u00fcbernimmt keine Haftung f\u00fcr die Inhalte externer Links. F\u00fcr den Inhalt der verlinkten Seiten sind ausschlie\u00dflich deren Betreiber verantwortlich und hier-luebeck.de distanziert sich ausdr\u00fccklich von deren Inhalten.<\/p>\n<p><strong>Achtung \u2013 Keine Abmahnung ohne vorherigen Kontakt!<\/strong><\/p>\n<p><strong>Sollte der Inhalt oder die Aufmachung dieser Seiten fremde Rechte Dritter oder gesetzliche Bestimmungen verletzen, so bitten wir um eine entsprechende Nachricht ohne Kostennote.<\/strong><\/p>\n<p><strong>Wir garantieren, dass wir die geltend gemachten Rechte unverz\u00fcglich pr\u00fcfen und die zu Recht beanstandeten Passagen unverz\u00fcglich entfernen werden, ohne dass von Ihrer Seite die Einschaltung eines Rechtsbeistandes erforderlich ist.<\/strong><\/p>\n<p><strong>Sollten dennoch von Ihnen ohne vorherige Kontaktaufnahme Kosten ausgel\u00f6st werden, werden wir diese, wegen Verletzung der Schadensminderungspflicht, vollumf\u00e4nglich zur\u00fcckweisen.<\/strong><\/p>\n<p><strong>1. Haftungsbeschr\u00e4nkung<\/strong><br \/>\nDie Inhalte des Internetauftritts wurden mit gr\u00f6\u00dftm\u00f6glicher Sorgfalt und nach bestem Gewissen erstellt. Dennoch \u00fcbernimmt der Anbieter dieser Webseite keine Gew\u00e4hr f\u00fcr die Aktualit\u00e4t, Vollst\u00e4ndigkeit und Richtigkeit der bereitgestellten Seiten und Inhalte.<\/p>\n<p>Als Diensteanbieter ist der Anbieter dieser Webseite gem\u00e4\u00df <span class=\"ILfuVd\" lang=\"de\"><span class=\"hgKElc\">Digitale-Dienste-Gesetz (DDG)<\/span><\/span> f\u00fcr eigene Inhalte und bereitgestellte Informationen auf diesen Seiten nach den allgemeinen Gesetzen verantwortlich; doch ist er nicht verpflichtet jedoch nicht verpflichtet, die \u00fcbermittelten oder gespeicherten fremden Informationen zu \u00fcberwachen. Eine Entfernung oder Sperrung dieser Inhalte erfolgt umgehend ab dem Zeitpunkt der Kenntnis einer konkreten Rechtsverletzung. Eine Haftung ist erst ab dem Zeitpunkt der Kenntniserlangung m\u00f6glich.<\/p>\n<p><strong>Auskunft gem\u00e4\u00df <\/strong><strong>Digitale-Dienste-Gesetz (DDG)<\/strong><strong>\u00a0 (seit M\u00e4rz 2024) und dem Mediendienste-Staatsvertrag (MDStV)<br \/>\n<\/strong><a href=\"http:\/\/www.hier-luebeck.de\">www.hier-luebeck.de<\/a> wurde als <a href=\"http:\/\/www.luebeck2000.de\">www.luebeck2000.de<\/a> (C) 1999 gegr\u00fcndet und sp\u00e4ter in www.hier-luebeck.de umfirmiert und weitergef\u00fchrt. Es ist ein interaktives Online-Magazin f\u00fcr L\u00fcbeck und Umland.<\/p>\n<p><span class=\"post-meta-infos\"><em>\u201eDie EU-Kommission hat eine Internetseite zur Online-Streitbeilegung zwischen Unternehmern und Verbrauchern (OS-Plattform) eingerichtet, die Sie unter <a href=\"http:\/\/ec.europa.eu\/consumers\/odr\/\" target=\"_blank\" rel=\"noopener noreferrer\">http:\/\/ec.europa.eu\/consumers\/odr\/<\/a> erreichen.\u201c<\/p>\n<p>(C) by TBF 1999 -2025<br \/>\n<\/em><\/span><\/p>\n","protected":false},"excerpt":{"rendered":"<p>www.hier-luebeck.de wurde als www.luebeck2000.de (C) 1999 gegr\u00fcndet und sp\u00e4ter in www.hier-luebeck.de umfirmiert und weitergef\u00fchrt. wir sind ein interaktives Online-Magazin f\u00fcr<\/p>\n","protected":false},"author":1,"featured_media":0,"parent":0,"menu_order":1,"comment_status":"closed","ping_status":"closed","template":"","meta":{"colormag_page_container_layout":"default_layout","colormag_page_sidebar_layout":"default_layout","footnotes":""},"class_list":["post-56","page","type-page","status-publish","hentry"],"_links":{"self":[{"href":"https:\/\/hier-luebeck.de\/index.php\/wp-json\/wp\/v2\/pages\/56","targetHints":{"allow":["GET"]}}],"collection":[{"href":"https:\/\/hier-luebeck.de\/index.php\/wp-json\/wp\/v2\/pages"}],"about":[{"href":"https:\/\/hier-luebeck.de\/index.php\/wp-json\/wp\/v2\/types\/page"}],"author":[{"embeddable":true,"href":"https:\/\/hier-luebeck.de\/index.php\/wp-json\/wp\/v2\/users\/1"}],"replies":[{"embeddable":true,"href":"https:\/\/hier-luebeck.de\/index.php\/wp-json\/wp\/v2\/comments?post=56"}],"version-history":[{"count":13,"href":"https:\/\/hier-luebeck.de\/index.php\/wp-json\/wp\/v2\/pages\/56\/revisions"}],"predecessor-version":[{"id":443384,"href":"https:\/\/hier-luebeck.de\/index.php\/wp-json\/wp\/v2\/pages\/56\/revisions\/443384"}],"wp:attachment":[{"href":"https:\/\/hier-luebeck.de\/index.php\/wp-json\/wp\/v2\/media?parent=56"}],"curies":[{"name":"wp","href":"https:\/\/api.w.org\/{rel}","templated":true}]}}