{"id":59,"date":"2009-09-07T12:48:25","date_gmt":"2009-09-07T10:48:25","guid":{"rendered":"http:\/\/192.168.131.65\/wordpress\/?page_id=59"},"modified":"2024-06-07T14:37:16","modified_gmt":"2024-06-07T12:37:16","slug":"mediadaten-preise","status":"publish","type":"page","link":"https:\/\/hier-luebeck.de\/index.php\/mediadaten-preise\/","title":{"rendered":"Mediadaten &#038; Preise"},"content":{"rendered":"<p><strong>Sehr geehrter Werbekunden,<\/strong><\/p>\n<p>anders als im klassischen Printmedium setzen wir bei <a href=\"http:\/\/www.hier-luebeck.de\" target=\"_blank\" rel=\"noopener noreferrer\">www.hier-luebeck.de<\/a> auf redaktionell aufbereitete Werbung. Der Vorteil redaktioneller Werbung liegt auf der Hand:<\/p>\n<p>In einer Zeit des Werbe\u00fcberflusses sind redaktionelle Werbeformen gegen\u00fcber klassischer Anzeigenwerbung hochwertiger &#8211; zeichnen sich aus durch h\u00f6here Glaubw\u00fcrdigkeit, h\u00f6heren Wahrheitswert und effektivere Leserbindung.<\/p>\n<p>Ob Sie ein neues Produkt oder eine Dienstleistung darstellen, eine Veranstaltung ank\u00fcndigen oder einfach Ihr Unternehmen in Szene setzen m\u00f6chten &#8211; wir bringen Sie online und &#8222;unter die Leute&#8220; &#8211; durch professionelle redaktionelle Arbeit.<\/p>\n<p>Zus\u00e4tzlich bieten wir Ihnen klassische Anzeigenwerbeformen wie Banner etc. ganz nach Ihren Vorstellungen an.<\/p>\n<p><strong><span style=\"color: #0000ff;\">Ansprechpartner:<\/span><\/strong><\/p>\n<p>Wolfgang Freywald (Chefredakteur)<br \/>\nHauptstr. 53 \u00b7 23858 Wesenberg<br \/>\nTel.: +49 4533\/7972050<br \/>\nFax: +49 4533\/7972052<br \/>\nE-Mail: \u00a0 \u00a0 <a href=\"mailto:tbf.presseagentur@hier-luebeck.de\" target=\"_blank\" rel=\"noopener noreferrer\">tbf.presseagentur@hier-luebeck.de<\/a><br \/>\n<a href=\"http:\/\/www.hier-luebeck.de\" target=\"_blank\" rel=\"noopener noreferrer\">Online: www.hier-luebeck.de<\/a><\/p>\n<p><span style=\"color: #000080;\"><strong>Fordern Sie bitte gerne unsere aktuellen Preise 2024 f\u00fcr Text- und Bilderstellung an.<\/strong><\/span><\/p>\n<p>&nbsp;<\/p>\n<p>&nbsp;<\/p>\n","protected":false},"excerpt":{"rendered":"<p>Sehr geehrter Werbekunden, anders als im klassischen Printmedium setzen wir bei www.hier-luebeck.de auf redaktionell aufbereitete Werbung. Der Vorteil redaktioneller Werbung<\/p>\n","protected":false},"author":1,"featured_media":0,"parent":0,"menu_order":10,"comment_status":"closed","ping_status":"closed","template":"","meta":{"colormag_page_container_layout":"default_layout","colormag_page_sidebar_layout":"default_layout","footnotes":""},"class_list":["post-59","page","type-page","status-publish","hentry"],"_links":{"self":[{"href":"https:\/\/hier-luebeck.de\/index.php\/wp-json\/wp\/v2\/pages\/59","targetHints":{"allow":["GET"]}}],"collection":[{"href":"https:\/\/hier-luebeck.de\/index.php\/wp-json\/wp\/v2\/pages"}],"about":[{"href":"https:\/\/hier-luebeck.de\/index.php\/wp-json\/wp\/v2\/types\/page"}],"author":[{"embeddable":true,"href":"https:\/\/hier-luebeck.de\/index.php\/wp-json\/wp\/v2\/users\/1"}],"replies":[{"embeddable":true,"href":"https:\/\/hier-luebeck.de\/index.php\/wp-json\/wp\/v2\/comments?post=59"}],"version-history":[{"count":7,"href":"https:\/\/hier-luebeck.de\/index.php\/wp-json\/wp\/v2\/pages\/59\/revisions"}],"predecessor-version":[{"id":435967,"href":"https:\/\/hier-luebeck.de\/index.php\/wp-json\/wp\/v2\/pages\/59\/revisions\/435967"}],"wp:attachment":[{"href":"https:\/\/hier-luebeck.de\/index.php\/wp-json\/wp\/v2\/media?parent=59"}],"curies":[{"name":"wp","href":"https:\/\/api.w.org\/{rel}","templated":true}]}}